{"id":20934,"date":"2025-10-01T08:36:21","date_gmt":"2025-10-01T07:36:21","guid":{"rendered":"https:\/\/salabbk.bbk.eus\/?page_id=20934"},"modified":"2025-10-01T10:33:03","modified_gmt":"2025-10-01T09:33:03","slug":"lege-oharra","status":"publish","type":"page","link":"https:\/\/salabbk.bbk.eus\/eu\/lege-oharra\/","title":{"rendered":"Lege oharra"},"content":{"rendered":"\n<p><strong>1) Titularidad de la web.<\/strong><br>La presente p\u00e1gina web es titularidad de Bilbao Bizkaia Kutxa Fundaci\u00f3n Bancaria \u2013 Bilbao Bizkaia Kutxa Banku Fundazioa.<br>Domiciliada en Bilbao (Bizkaia), calle Gran V\u00eda de Don Diego L\u00f3pez de Haro n\u00famero 19-21; provista de CIF n\u00famero G 48412720.<br>Con fecha 20 de noviembre de 2014 BBK otorg\u00f3 escritura p\u00fablica de transformaci\u00f3n en fundaci\u00f3n bancaria, Bilbao Bizkaia Kutxa Fundaci\u00f3n Bancaria \u2013 Bilbao Bizkaia Kutxa Banku Fundazioa,<br>ante el Notario de Bilbao, D. Vicente Mar\u00eda del Arenal Otero, con el n\u00ba 1.596 de su protocolo, la cual fue inscrita con fecha 24 de noviembre de 2014 en el Registro de Fundaciones del Pa\u00eds Vasco,<br>bajo el n\u00famero de Registro F-375 y clasificada en virtud de sus fines en la Secci\u00f3n Cuarta del indicado Registro.<\/p>\n\n\n\n<p><strong>2) Propiedad industrial e intelectual.<\/strong><br>Todos los contenidos de la p\u00e1gina web de BBK, entendi\u00e9ndose como tales, a t\u00edtulo meramente enunciativo, textos, documentos, fotograf\u00edas, dibujos, im\u00e1genes, iconos, representaciones gr\u00e1ficas,<br>contenidos audiovisuales o sonoros, as\u00ed como su dise\u00f1o gr\u00e1fico y c\u00f3digo fuente, las marcas, nombres comerciales u otros signos distintivos, son de la titularidad exclusiva de BBK o de terceros<br>(siendo \u00e9sta la leg\u00edtima licenciataria) y est\u00e1n protegidos por las Leyes de Propiedad Industrial e Intelectual, excepto que se especifique lo contrario.<br>Consecuentemente, el usuario deber\u00e1 respetar en todo momento todos los derechos de propiedad intelectual e industrial referidos sobre la p\u00e1gina web de BBK,<br>entendi\u00e9ndose que el acceso a la p\u00e1gina web no otorga a los usuarios derecho, ni titularidad alguna sobre los derechos de propiedad intelectual y\/o industrial de los contenidos que alberga el mismo.<br>Queda estrictamente prohibida cualquier modalidad de explotaci\u00f3n, reproducci\u00f3n, distribuci\u00f3n, modificaci\u00f3n, comunicaci\u00f3n p\u00fablica, cesi\u00f3n o transformaci\u00f3n o cualquier otra forma de difusi\u00f3n de la informaci\u00f3n<br>o elementos contenidos en la web de BBK mencionados en este apartado, mediante cualquier soporte y medio, no autorizado expresa y previamente por sus respectivos titulares.<br>El contenido de esta p\u00e1gina web podr\u00e1 \u00fanicamente ser descargado al terminal del usuario siempre que sea para su uso privado y sin ning\u00fan fin comercial.<br>La infracci\u00f3n de cualquiera de los derechos citados puede constituir una vulneraci\u00f3n de las presentes condiciones y\/o de las leyes de Propiedad Industrial e Intelectual,<br>as\u00ed como, en su caso, un delito castigado por el C\u00f3digo Penal, reserv\u00e1ndose BBK la posibilidad de ejercer las acciones legales que correspondan contra los usuarios infractores.<\/p>\n\n\n\n<p><strong>3) Usos prohibidos.<\/strong><br>Est\u00e1 totalmente prohibido crear links a la p\u00e1gina web de BBK desde terceras p\u00e1ginas web sin la autorizaci\u00f3n expresa y por escrito de BBK,<br>as\u00ed como presentar la p\u00e1gina web de BBK o la informaci\u00f3n contenida en ella bajo frames o marcos, signos distintivos, marcas o denominaciones sociales o comerciales de otra persona, empresa o entidad.<br>En todo caso, los links que, respetando las exigencias, se establezcan a la p\u00e1gina web de BBK desde otras p\u00e1ginas, permitir\u00e1n el acceso a la p\u00e1gina web de BBK,<br>pero no reproducir\u00e1n su contenido en forma alguna (total o parcialmente) salvo el logotipo o denominaci\u00f3n social de BBK a efectos meramente indicativos.<\/p>\n\n\n\n<p><strong>4) Responsabilidades.<\/strong><br>BBK no garantiza el acceso continuado, ni la correcta visualizaci\u00f3n, descarga o utilidad de los elementos e informaci\u00f3n contenidos en la web de BBK,<br>que pueden verse impedidos, dificultados o interrumpidos por factores o circunstancias fuera de su control.<br>BBK no es responsable de la informaci\u00f3n y dem\u00e1s contenidos integrados en espacios o p\u00e1ginas web de terceros que sean accesibles desde la web de BBK mediante enlaces, hiperv\u00ednculos o links,<br>ni de la informaci\u00f3n y dem\u00e1s contenidos integrados en espacios o p\u00e1ginas web de terceros desde los que se acceda mediante enlaces, hiperv\u00ednculos o links a la web de BBK.<br>En id\u00e9ntico sentido, BBK no responder\u00e1 de la informaci\u00f3n y contenidos de cualquier p\u00e1gina web de terceros que se presente bajo la apariencia o signos distintivos de BBK, salvo autorizaci\u00f3n expresa de esta \u00faltima.<br>En consecuencia, BBK no es responsable ni garantiza el buen funcionamiento, disponibilidad, accesibilidad o continuidad de la informaci\u00f3n y dem\u00e1s contenidos integrados en los referidos espacios o p\u00e1ginas web de terceros.<\/p>\n\n\n\n<p>BBK no asume responsabilidad alguna con relaci\u00f3n a la informaci\u00f3n, contenidos de todo tipo, productos y servicios ofertados o prestados a trav\u00e9s de la web de BBK por terceras personas o entidades,<br>aunque pertenezcan a su mismo Grupo econ\u00f3mico, y en especial por los da\u00f1os y perjuicios de cualquier tipo que, vinculados a lo anterior, puedan producirse por:<br>(a) ausencia o deficiencias en la informaci\u00f3n facilitada a los usuarios o en su veracidad, exactitud y suficiencia;<br>(b) incumplimiento o cumplimiento defectuoso o impuntual de los contratos o relaciones precontractuales;<br>(c) incumplimiento de las obligaciones que incumben a los prestadores de servicios de la sociedad de la informaci\u00f3n;<br>(d) infracci\u00f3n de los derechos de los consumidores y usuarios;<br>(e) infracci\u00f3n de los derechos de propiedad intelectual e industrial; realizaci\u00f3n de actos de competencia desleal o de publicidad il\u00edcita;<br>(f) infracci\u00f3n del derecho de protecci\u00f3n de datos; del secreto profesional y de los derechos al honor, a la intimidad personal y familiar y a la imagen de las personas;<br>(g) en general el incumplimiento de cualesquiera leyes, costumbres o c\u00f3digos de conducta que resulten de aplicaci\u00f3n.<\/p>\n\n\n\n<p>BBK no asume responsabilidad alguna ya sea por da\u00f1os, perjuicios, p\u00e9rdidas, reclamaciones o gastos producidos por:<br>(a) interferencias, interrupciones, fallos, omisiones, aver\u00edas telef\u00f3nicas, retrasos, bloqueos o desconexiones en el funcionamiento del sistema electr\u00f3nico, motivadas por deficiencias, sobrecargas y errores en las l\u00edneas y redes de telecomunicaciones, o por cualquier otra causa ajena al control de BBK;<br>(b) intromisiones ileg\u00edtimas mediante el uso de programas malignos de cualquier tipo y a trav\u00e9s de cualquier medio de comunicaci\u00f3n, tales como virus inform\u00e1ticos o cualesquiera otros;<br>(c) uso indebido o inadecuado de la p\u00e1gina web de BBK;<br>(d) errores de seguridad o navegaci\u00f3n producidos por un mal funcionamiento del navegador o por el uso de versiones no actualizadas del mismo.<\/p>\n\n\n\n<p>Asimismo, sea cual fuere su causa BBK no asumir\u00e1 responsabilidad alguna ya sea por da\u00f1os directos o indirectos, da\u00f1o emergente y\/o por lucro cesante.<br>En todo caso, el usuario de la p\u00e1gina web de BBK ser\u00e1 responsable de los da\u00f1os y perjuicios de toda naturaleza que BBK pueda sufrir como consecuencia del incumplimiento por el usuario de las obligaciones a que queda sometido por este Aviso Legal, o por las condiciones particulares que le sean de aplicaci\u00f3n.<\/p>\n\n\n\n<p><strong>5) Publicaciones.<\/strong><br>Toda publicaci\u00f3n suministrada a trav\u00e9s del presente sitio Web no sustituye, en modo alguno, cualquier publicaci\u00f3n que deba ser realizada a trav\u00e9s de los pertinentes canales de comunicaci\u00f3n oficiales<br>(como por ejemplo: Diario Oficial de la Uni\u00f3n Europea, Bolet\u00edn Oficial del Estado, Diario oficial de las correspondientes Comunidades Aut\u00f3nomas, Boletines Provinciales,<br>Bolet\u00edn Oficial del Registro Mercantil, diarios de gran difusi\u00f3n\u2026).<\/p>\n\n\n\n<p><strong>6) Pol\u00edtica de seguridad.<\/strong><br>El acceso a la web no implica la obligaci\u00f3n por parte de BBK de controlar la ausencia de virus, o de cualquier otro elemento inform\u00e1tico da\u00f1oso.<br>Corresponde al usuario en todo caso, la disponibilidad de herramientas adecuadas para la detecci\u00f3n y desinfecci\u00f3n de programas inform\u00e1ticos da\u00f1osos.<br>BBK no se responsabiliza de los da\u00f1os producidos en los equipos inform\u00e1ticos de los usuarios o de terceros durante su acceso a la p\u00e1gina web de BBK.<\/p>\n\n\n\n<p><strong>7) Hiperenlaces.<\/strong><br>El establecimiento de cualquier hiperenlace desde una p\u00e1gina web ajena, a cualquiera de las p\u00e1ginas del SITIO WEB de LA ENTIDAD estar\u00e1 sometido a las siguientes condiciones:<br>\u2022 No se permite la reproducci\u00f3n ni total ni parcial de ninguno de los servicios contenidos en el SITIO WEB de LA ENTIDAD.<br>\u2022 No se incluir\u00e1 ninguna manifestaci\u00f3n falsa, inexacta o incorrecta sobre las p\u00e1ginas del SITIO WEB de LA ENTIDAD y sus servicios.<br>\u2022 Bajo ninguna circunstancia, LA ENTIDAD ser\u00e1 responsable de los contenidos, informaciones, manifestaciones, opiniones o servicios puestos a disposici\u00f3n del p\u00fablico en la p\u00e1gina web<br>desde la que se establezca un hiperenlace al presente SITIO WEB.<br>\u2022 Cualquier hiperenlace se efectuar\u00e1 a la p\u00e1gina principal del SITIO WEB.<\/p>\n\n\n\n<p>En su caso, los hiperenlaces que se encuentran en el SITIO WEB han sido previamente consensuados con los titulares de las p\u00e1ginas webs enlazadas.<br>LA ENTIDAD no ser\u00e1 responsable del mal uso ni de las actividades contrarias a la ley, la moral o el orden p\u00fablico que realicen las personas usuarias en dichas p\u00e1ginas enlazadas.<\/p>\n\n\n\n<p><strong>8) Vigencia de las condiciones de uso.<\/strong><br>Las condiciones de uso de este SITIO WEB tienen car\u00e1cter indefinido.<br>LA ENTIDAD se reserva en todo caso el derecho unilateral de modificar las condiciones de acceso a las mismas, as\u00ed como su contenido.<\/p>\n\n\n\n<p><strong>9) Nulidad e ineficacia de las cl\u00e1usulas.<\/strong><br>Si cualquier cl\u00e1usula incluida en estas condiciones fuese declarada total o parcialmente nula o ineficaz,<br>tal nulidad afectar\u00e1 tan s\u00f3lo a dicha disposici\u00f3n o la parte de la misma que resulte nula o ineficaz, subsistiendo en todo lo dem\u00e1s las condiciones.<\/p>\n\n\n\n<p><strong>10) Legislaci\u00f3n y jurisdicci\u00f3n aplicable.<\/strong><br>Las presentes condiciones quedan sujetas a la legislaci\u00f3n espa\u00f1ola, pudiendo ser revisadas y modificadas en cualquier momento al objeto de adaptarse a cualquier modificaci\u00f3n de la legislaci\u00f3n vigente.<br>Toda cuesti\u00f3n litigiosa que incumba a los servicios prestados a trav\u00e9s de este SITIO WEB, ser\u00e1 resuelta a trav\u00e9s de los tribunales arbitrales de consumo, mediadores o semejantes<br>a los que se encuentre adherida LA ENTIDAD en el momento de producirse la controversia, as\u00ed como los juzgados y tribunales correspondientes de conformidad con la legislaci\u00f3n espa\u00f1ola.<\/p>\n\n\n\n<p><\/p>\n","protected":false},"excerpt":{"rendered":"<p>1) Titularidad de la web.La presente p\u00e1gina web es titularidad de Bilbao Bizkaia Kutxa Fundaci\u00f3n Bancaria \u2013 Bilbao Bizkaia Kutxa Banku Fundazioa.Domiciliada en Bilbao (Bizkaia), calle Gran V\u00eda de Don Diego L\u00f3pez de Haro n\u00famero 19-21; provista de CIF n\u00famero G 48412720.Con fecha 20 de noviembre de 2014 BBK otorg\u00f3 escritura p\u00fablica de transformaci\u00f3n en [&hellip;]<\/p>\n","protected":false},"author":13,"featured_media":0,"parent":0,"menu_order":0,"comment_status":"closed","ping_status":"closed","template":"","meta":{"_acf_changed":false,"inline_featured_image":false,"footnotes":""},"class_list":["post-20934","page","type-page","status-publish","hentry"],"acf":[],"yoast_head":"<!-- This site is optimized with the Yoast SEO plugin v27.0 - https:\/\/yoast.com\/product\/yoast-seo-wordpress\/ -->\n<title>Lege oharra - Sala BBK<\/title>\n<meta name=\"robots\" content=\"index, follow, max-snippet:-1, max-image-preview:large, max-video-preview:-1\" \/>\n<link rel=\"canonical\" href=\"https:\/\/salabbk.bbk.eus\/eu\/lege-oharra\/\" \/>\n<meta property=\"og:locale\" content=\"eu_ES\" \/>\n<meta property=\"og:type\" content=\"article\" \/>\n<meta property=\"og:title\" content=\"Lege oharra - Sala BBK\" \/>\n<meta property=\"og:description\" content=\"1) Titularidad de la web.La presente p\u00e1gina web es titularidad de Bilbao Bizkaia Kutxa Fundaci\u00f3n Bancaria \u2013 Bilbao Bizkaia Kutxa Banku Fundazioa.Domiciliada en Bilbao (Bizkaia), calle Gran V\u00eda de Don Diego L\u00f3pez de Haro n\u00famero 19-21; provista de CIF n\u00famero G 48412720.Con fecha 20 de noviembre de 2014 BBK otorg\u00f3 escritura p\u00fablica de transformaci\u00f3n en [&hellip;]\" \/>\n<meta property=\"og:url\" content=\"https:\/\/salabbk.bbk.eus\/eu\/lege-oharra\/\" \/>\n<meta property=\"og:site_name\" content=\"Sala BBK\" \/>\n<meta property=\"article:modified_time\" content=\"2025-10-01T09:33:03+00:00\" \/>\n<meta name=\"twitter:card\" content=\"summary_large_image\" \/>\n<meta name=\"twitter:label1\" content=\"Est. reading time\" \/>\n\t<meta name=\"twitter:data1\" content=\"8 minutes\" \/>\n<script type=\"application\/ld+json\" class=\"yoast-schema-graph\">{\"@context\":\"https:\/\/schema.org\",\"@graph\":[{\"@type\":\"WebPage\",\"@id\":\"https:\/\/salabbk.bbk.eus\/eu\/lege-oharra\/\",\"url\":\"https:\/\/salabbk.bbk.eus\/eu\/lege-oharra\/\",\"name\":\"Lege oharra - Sala BBK\",\"isPartOf\":{\"@id\":\"https:\/\/salabbk.bbk.eus\/eu\/#website\"},\"datePublished\":\"2025-10-01T07:36:21+00:00\",\"dateModified\":\"2025-10-01T09:33:03+00:00\",\"breadcrumb\":{\"@id\":\"https:\/\/salabbk.bbk.eus\/eu\/lege-oharra\/#breadcrumb\"},\"inLanguage\":\"eu-ES\",\"potentialAction\":[{\"@type\":\"ReadAction\",\"target\":[\"https:\/\/salabbk.bbk.eus\/eu\/lege-oharra\/\"]}]},{\"@type\":\"BreadcrumbList\",\"@id\":\"https:\/\/salabbk.bbk.eus\/eu\/lege-oharra\/#breadcrumb\",\"itemListElement\":[{\"@type\":\"ListItem\",\"position\":1,\"name\":\"Hasiera\",\"item\":\"https:\/\/salabbk.bbk.eus\/eu\/\"},{\"@type\":\"ListItem\",\"position\":2,\"name\":\"Lege oharra\"}]},{\"@type\":\"WebSite\",\"@id\":\"https:\/\/salabbk.bbk.eus\/eu\/#website\",\"url\":\"https:\/\/salabbk.bbk.eus\/eu\/\",\"name\":\"Sala BBK\",\"description\":\"Espect\u00e1culos, cultura en vivo en el centro de Bilbao\",\"potentialAction\":[{\"@type\":\"SearchAction\",\"target\":{\"@type\":\"EntryPoint\",\"urlTemplate\":\"https:\/\/salabbk.bbk.eus\/eu\/?s={search_term_string}\"},\"query-input\":{\"@type\":\"PropertyValueSpecification\",\"valueRequired\":true,\"valueName\":\"search_term_string\"}}],\"inLanguage\":\"eu-ES\"}]}<\/script>\n<!-- \/ Yoast SEO plugin. -->","yoast_head_json":{"title":"Lege oharra - Sala BBK","robots":{"index":"index","follow":"follow","max-snippet":"max-snippet:-1","max-image-preview":"max-image-preview:large","max-video-preview":"max-video-preview:-1"},"canonical":"https:\/\/salabbk.bbk.eus\/eu\/lege-oharra\/","og_locale":"eu_ES","og_type":"article","og_title":"Lege oharra - Sala BBK","og_description":"1) Titularidad de la web.La presente p\u00e1gina web es titularidad de Bilbao Bizkaia Kutxa Fundaci\u00f3n Bancaria \u2013 Bilbao Bizkaia Kutxa Banku Fundazioa.Domiciliada en Bilbao (Bizkaia), calle Gran V\u00eda de Don Diego L\u00f3pez de Haro n\u00famero 19-21; provista de CIF n\u00famero G 48412720.Con fecha 20 de noviembre de 2014 BBK otorg\u00f3 escritura p\u00fablica de transformaci\u00f3n en [&hellip;]","og_url":"https:\/\/salabbk.bbk.eus\/eu\/lege-oharra\/","og_site_name":"Sala BBK","article_modified_time":"2025-10-01T09:33:03+00:00","twitter_card":"summary_large_image","twitter_misc":{"Est. reading time":"8 minutes"},"schema":{"@context":"https:\/\/schema.org","@graph":[{"@type":"WebPage","@id":"https:\/\/salabbk.bbk.eus\/eu\/lege-oharra\/","url":"https:\/\/salabbk.bbk.eus\/eu\/lege-oharra\/","name":"Lege oharra - Sala BBK","isPartOf":{"@id":"https:\/\/salabbk.bbk.eus\/eu\/#website"},"datePublished":"2025-10-01T07:36:21+00:00","dateModified":"2025-10-01T09:33:03+00:00","breadcrumb":{"@id":"https:\/\/salabbk.bbk.eus\/eu\/lege-oharra\/#breadcrumb"},"inLanguage":"eu-ES","potentialAction":[{"@type":"ReadAction","target":["https:\/\/salabbk.bbk.eus\/eu\/lege-oharra\/"]}]},{"@type":"BreadcrumbList","@id":"https:\/\/salabbk.bbk.eus\/eu\/lege-oharra\/#breadcrumb","itemListElement":[{"@type":"ListItem","position":1,"name":"Hasiera","item":"https:\/\/salabbk.bbk.eus\/eu\/"},{"@type":"ListItem","position":2,"name":"Lege oharra"}]},{"@type":"WebSite","@id":"https:\/\/salabbk.bbk.eus\/eu\/#website","url":"https:\/\/salabbk.bbk.eus\/eu\/","name":"Sala BBK","description":"Espect\u00e1culos, cultura en vivo en el centro de Bilbao","potentialAction":[{"@type":"SearchAction","target":{"@type":"EntryPoint","urlTemplate":"https:\/\/salabbk.bbk.eus\/eu\/?s={search_term_string}"},"query-input":{"@type":"PropertyValueSpecification","valueRequired":true,"valueName":"search_term_string"}}],"inLanguage":"eu-ES"}]}},"_links":{"self":[{"href":"https:\/\/salabbk.bbk.eus\/eu\/wp-json\/wp\/v2\/pages\/20934","targetHints":{"allow":["GET"]}}],"collection":[{"href":"https:\/\/salabbk.bbk.eus\/eu\/wp-json\/wp\/v2\/pages"}],"about":[{"href":"https:\/\/salabbk.bbk.eus\/eu\/wp-json\/wp\/v2\/types\/page"}],"author":[{"embeddable":true,"href":"https:\/\/salabbk.bbk.eus\/eu\/wp-json\/wp\/v2\/users\/13"}],"replies":[{"embeddable":true,"href":"https:\/\/salabbk.bbk.eus\/eu\/wp-json\/wp\/v2\/comments?post=20934"}],"version-history":[{"count":0,"href":"https:\/\/salabbk.bbk.eus\/eu\/wp-json\/wp\/v2\/pages\/20934\/revisions"}],"wp:attachment":[{"href":"https:\/\/salabbk.bbk.eus\/eu\/wp-json\/wp\/v2\/media?parent=20934"}],"curies":[{"name":"wp","href":"https:\/\/api.w.org\/{rel}","templated":true}]}}